{"id":2025,"date":"2025-11-28T12:48:22","date_gmt":"2025-11-28T17:48:22","guid":{"rendered":"https:\/\/bistrokoz.ca\/?page_id=2025"},"modified":"2025-12-03T16:25:50","modified_gmt":"2025-12-03T21:25:50","slug":"lesdomes","status":"publish","type":"page","link":"https:\/\/bistrokoz.ca\/en\/to-eat\/lesdomes\/","title":{"rendered":"LesD\u00f3mes Menu"},"content":{"rendered":"","protected":false},"excerpt":{"rendered":"","protected":false},"author":3,"featured_media":0,"parent":461,"menu_order":0,"comment_status":"closed","ping_status":"closed","template":"","meta":{"_acf_changed":false,"inline_featured_image":false},"class_list":["post-2025","page","type-page","status-publish","hentry"],"acf":[],"yoast_head":"<!-- This site is optimized with the Yoast SEO plugin v27.5 - https:\/\/yoast.com\/product\/yoast-seo-wordpress\/ -->\n<title>LesD\u00f3mes Menu - Koz<\/title>\n<meta name=\"description\" content=\"Enjoy the LesD\u00f3mes experience at Bistro K\u00f3z with our menu featuring our best sellers.\" \/>\n<meta name=\"robots\" content=\"index, follow, max-snippet:-1, max-image-preview:large, max-video-preview:-1\" \/>\n<link rel=\"canonical\" href=\"https:\/\/bistrokoz.ca\/en\/to-eat\/lesdomes\/\" \/>\n<meta property=\"og:locale\" content=\"en_US\" \/>\n<meta property=\"og:type\" content=\"article\" \/>\n<meta property=\"og:title\" content=\"LesD\u00f3mes Menu - Koz\" \/>\n<meta property=\"og:description\" content=\"Enjoy the LesD\u00f3mes experience at Bistro K\u00f3z with our menu featuring our best sellers.\" \/>\n<meta property=\"og:url\" content=\"https:\/\/bistrokoz.ca\/en\/to-eat\/lesdomes\/\" \/>\n<meta property=\"og:site_name\" content=\"Koz\" \/>\n<meta property=\"article:modified_time\" content=\"2025-12-03T21:25:50+00:00\" \/>\n<meta name=\"twitter:card\" content=\"summary_large_image\" \/>\n<meta name=\"twitter:label1\" content=\"Est. reading time\" \/>\n\t<meta name=\"twitter:data1\" content=\"3 minutes\" \/>\n<script type=\"application\/ld+json\" class=\"yoast-schema-graph\">{\"@context\":\"https:\\\/\\\/schema.org\",\"@graph\":[{\"@type\":\"WebPage\",\"@id\":\"https:\\\/\\\/bistrokoz.ca\\\/en\\\/to-eat\\\/lesdomes\\\/\",\"url\":\"https:\\\/\\\/bistrokoz.ca\\\/en\\\/to-eat\\\/lesdomes\\\/\",\"name\":\"LesD\u00f3mes Menu - Koz\",\"isPartOf\":{\"@id\":\"https:\\\/\\\/bistrokoz.ca\\\/en\\\/#website\"},\"datePublished\":\"2025-11-28T17:48:22+00:00\",\"dateModified\":\"2025-12-03T21:25:50+00:00\",\"description\":\"Enjoy the LesD\u00f3mes experience at Bistro K\u00f3z with our menu featuring our best sellers.\",\"breadcrumb\":{\"@id\":\"https:\\\/\\\/bistrokoz.ca\\\/en\\\/to-eat\\\/lesdomes\\\/#breadcrumb\"},\"inLanguage\":\"en-CA\",\"potentialAction\":[{\"@type\":\"ReadAction\",\"target\":[\"https:\\\/\\\/bistrokoz.ca\\\/en\\\/to-eat\\\/lesdomes\\\/\"]}]},{\"@type\":\"BreadcrumbList\",\"@id\":\"https:\\\/\\\/bistrokoz.ca\\\/en\\\/to-eat\\\/lesdomes\\\/#breadcrumb\",\"itemListElement\":[{\"@type\":\"ListItem\",\"position\":1,\"name\":\"Accueil\",\"item\":\"https:\\\/\\\/bistrokoz.ca\\\/en\\\/\"},{\"@type\":\"ListItem\",\"position\":2,\"name\":\"To Eat\",\"item\":\"https:\\\/\\\/bistrokoz.ca\\\/en\\\/to-eat\\\/\"},{\"@type\":\"ListItem\",\"position\":3,\"name\":\"LesD\u00f3mes Menu\"}]},{\"@type\":\"WebSite\",\"@id\":\"https:\\\/\\\/bistrokoz.ca\\\/en\\\/#website\",\"url\":\"https:\\\/\\\/bistrokoz.ca\\\/en\\\/\",\"name\":\"Koz\",\"description\":\"Un site utilisant PAL+\",\"potentialAction\":[{\"@type\":\"SearchAction\",\"target\":{\"@type\":\"EntryPoint\",\"urlTemplate\":\"https:\\\/\\\/bistrokoz.ca\\\/en\\\/?s={search_term_string}\"},\"query-input\":{\"@type\":\"PropertyValueSpecification\",\"valueRequired\":true,\"valueName\":\"search_term_string\"}}],\"inLanguage\":\"en-CA\"}]}<\/script>\n<!-- \/ Yoast SEO plugin. -->","yoast_head_json":{"title":"LesD\u00f3mes Menu - Koz","description":"Enjoy the LesD\u00f3mes experience at Bistro K\u00f3z with our menu featuring our best sellers.","robots":{"index":"index","follow":"follow","max-snippet":"max-snippet:-1","max-image-preview":"max-image-preview:large","max-video-preview":"max-video-preview:-1"},"canonical":"https:\/\/bistrokoz.ca\/en\/to-eat\/lesdomes\/","og_locale":"en_US","og_type":"article","og_title":"LesD\u00f3mes Menu - Koz","og_description":"Enjoy the LesD\u00f3mes experience at Bistro K\u00f3z with our menu featuring our best sellers.","og_url":"https:\/\/bistrokoz.ca\/en\/to-eat\/lesdomes\/","og_site_name":"Koz","article_modified_time":"2025-12-03T21:25:50+00:00","twitter_card":"summary_large_image","twitter_misc":{"Est. reading time":"3 minutes"},"schema":{"@context":"https:\/\/schema.org","@graph":[{"@type":"WebPage","@id":"https:\/\/bistrokoz.ca\/en\/to-eat\/lesdomes\/","url":"https:\/\/bistrokoz.ca\/en\/to-eat\/lesdomes\/","name":"LesD\u00f3mes Menu - Koz","isPartOf":{"@id":"https:\/\/bistrokoz.ca\/en\/#website"},"datePublished":"2025-11-28T17:48:22+00:00","dateModified":"2025-12-03T21:25:50+00:00","description":"Enjoy the LesD\u00f3mes experience at Bistro K\u00f3z with our menu featuring our best sellers.","breadcrumb":{"@id":"https:\/\/bistrokoz.ca\/en\/to-eat\/lesdomes\/#breadcrumb"},"inLanguage":"en-CA","potentialAction":[{"@type":"ReadAction","target":["https:\/\/bistrokoz.ca\/en\/to-eat\/lesdomes\/"]}]},{"@type":"BreadcrumbList","@id":"https:\/\/bistrokoz.ca\/en\/to-eat\/lesdomes\/#breadcrumb","itemListElement":[{"@type":"ListItem","position":1,"name":"Accueil","item":"https:\/\/bistrokoz.ca\/en\/"},{"@type":"ListItem","position":2,"name":"To Eat","item":"https:\/\/bistrokoz.ca\/en\/to-eat\/"},{"@type":"ListItem","position":3,"name":"LesD\u00f3mes Menu"}]},{"@type":"WebSite","@id":"https:\/\/bistrokoz.ca\/en\/#website","url":"https:\/\/bistrokoz.ca\/en\/","name":"Koz","description":"Un site utilisant PAL+","potentialAction":[{"@type":"SearchAction","target":{"@type":"EntryPoint","urlTemplate":"https:\/\/bistrokoz.ca\/en\/?s={search_term_string}"},"query-input":{"@type":"PropertyValueSpecification","valueRequired":true,"valueName":"search_term_string"}}],"inLanguage":"en-CA"}]}},"_links":{"self":[{"href":"https:\/\/bistrokoz.ca\/en\/wp-json\/wp\/v2\/pages\/2025","targetHints":{"allow":["GET"]}}],"collection":[{"href":"https:\/\/bistrokoz.ca\/en\/wp-json\/wp\/v2\/pages"}],"about":[{"href":"https:\/\/bistrokoz.ca\/en\/wp-json\/wp\/v2\/types\/page"}],"author":[{"embeddable":true,"href":"https:\/\/bistrokoz.ca\/en\/wp-json\/wp\/v2\/users\/3"}],"replies":[{"embeddable":true,"href":"https:\/\/bistrokoz.ca\/en\/wp-json\/wp\/v2\/comments?post=2025"}],"version-history":[{"count":0,"href":"https:\/\/bistrokoz.ca\/en\/wp-json\/wp\/v2\/pages\/2025\/revisions"}],"up":[{"embeddable":true,"href":"https:\/\/bistrokoz.ca\/en\/wp-json\/wp\/v2\/pages\/461"}],"wp:attachment":[{"href":"https:\/\/bistrokoz.ca\/en\/wp-json\/wp\/v2\/media?parent=2025"}],"curies":[{"name":"wp","href":"https:\/\/api.w.org\/{rel}","templated":true}]}}